{"id":22589,"date":"2021-09-09T15:27:47","date_gmt":"2021-09-09T13:27:47","guid":{"rendered":"https:\/\/ecosave.com\/bano-de-compost\/"},"modified":"2022-02-24T14:44:07","modified_gmt":"2022-02-24T13:44:07","slug":"bano-de-compost","status":"publish","type":"page","link":"https:\/\/staging.ecosave.com\/es\/bano-de-compost\/","title":{"rendered":"ba\u00f1o de compost"},"content":{"rendered":"\t\t<div data-elementor-type=\"wp-page\" data-elementor-id=\"22589\" class=\"elementor elementor-22589\" data-elementor-post-type=\"page\">\n\t\t\t\t\t\t<section class=\"elementor-section elementor-top-section elementor-element elementor-element-7c55420 elementor-section-boxed elementor-section-height-default elementor-section-height-default\" data-id=\"7c55420\" data-element_type=\"section\" data-e-type=\"section\">\n\t\t\t\t\t\t<div class=\"elementor-container elementor-column-gap-default\">\n\t\t\t\t\t<div class=\"elementor-column elementor-col-100 elementor-top-column elementor-element elementor-element-544df43\" data-id=\"544df43\" data-element_type=\"column\" data-e-type=\"column\">\n\t\t\t<div class=\"elementor-widget-wrap elementor-element-populated\">\n\t\t\t\t\t\t<div class=\"elementor-element elementor-element-b8a9052 elementor-icon-list--layout-inline elementor-list-item-link-inline elementor-widget elementor-widget-icon-list\" data-id=\"b8a9052\" data-element_type=\"widget\" data-e-type=\"widget\" data-widget_type=\"icon-list.default\">\n\t\t\t\t<div class=\"elementor-widget-container\">\n\t\t\t\t\t\t\t<ul class=\"elementor-icon-list-items elementor-inline-items\">\n\t\t\t\t\t\t\t<li class=\"elementor-icon-list-item elementor-inline-item\">\n\t\t\t\t\t\t\t\t\t\t\t<span class=\"elementor-icon-list-icon\">\n\t\t\t\t\t\t\t<i aria-hidden=\"true\" class=\"fas fa-check\"><\/i>\t\t\t\t\t\t<\/span>\n\t\t\t\t\t\t\t\t\t\t<span class=\"elementor-icon-list-text\">Especialista en sanitarios secos y composteros <\/span>\n\t\t\t\t\t\t\t\t\t<\/li>\n\t\t\t\t\t\t\t\t<li class=\"elementor-icon-list-item elementor-inline-item\">\n\t\t\t\t\t\t\t\t\t\t\t<span class=\"elementor-icon-list-icon\">\n\t\t\t\t\t\t\t<i aria-hidden=\"true\" class=\"fas fa-check\"><\/i>\t\t\t\t\t\t<\/span>\n\t\t\t\t\t\t\t\t\t\t<span class=\"elementor-icon-list-text\">Soluciones de ahorro de agua y energ\u00eda<\/span>\n\t\t\t\t\t\t\t\t\t<\/li>\n\t\t\t\t\t\t\t\t<li class=\"elementor-icon-list-item elementor-inline-item\">\n\t\t\t\t\t\t\t\t\t\t\t<span class=\"elementor-icon-list-icon\">\n\t\t\t\t\t\t\t<i aria-hidden=\"true\" class=\"fas fa-check\"><\/i>\t\t\t\t\t\t<\/span>\n\t\t\t\t\t\t\t\t\t\t<span class=\"elementor-icon-list-text\">Amplia aplicabilidad<\/span>\n\t\t\t\t\t\t\t\t\t<\/li>\n\t\t\t\t\t\t<\/ul>\n\t\t\t\t\t\t<\/div>\n\t\t\t\t<\/div>\n\t\t\t\t\t<\/div>\n\t\t<\/div>\n\t\t\t\t\t<\/div>\n\t\t<\/section>\n\t\t\t\t<section class=\"elementor-section elementor-top-section elementor-element elementor-element-78f27ba elementor-section-boxed elementor-section-height-default elementor-section-height-default\" data-id=\"78f27ba\" data-element_type=\"section\" data-e-type=\"section\">\n\t\t\t\t\t\t<div class=\"elementor-container elementor-column-gap-default\">\n\t\t\t\t\t<div class=\"elementor-column elementor-col-100 elementor-top-column elementor-element elementor-element-f0e6eba\" data-id=\"f0e6eba\" data-element_type=\"column\" data-e-type=\"column\">\n\t\t\t<div class=\"elementor-widget-wrap elementor-element-populated\">\n\t\t\t\t\t\t<section class=\"elementor-section elementor-inner-section elementor-element elementor-element-b0433c7 elementor-section-boxed elementor-section-height-default elementor-section-height-default\" data-id=\"b0433c7\" data-element_type=\"section\" data-e-type=\"section\">\n\t\t\t\t\t\t<div class=\"elementor-container elementor-column-gap-default\">\n\t\t\t\t\t<div class=\"elementor-column elementor-col-66 elementor-inner-column elementor-element elementor-element-ad1677d\" data-id=\"ad1677d\" data-element_type=\"column\" data-e-type=\"column\">\n\t\t\t<div class=\"elementor-widget-wrap elementor-element-populated\">\n\t\t\t\t\t\t<div class=\"elementor-element elementor-element-c69d31f elementor-widget elementor-widget-heading\" data-id=\"c69d31f\" data-element_type=\"widget\" data-e-type=\"widget\" data-widget_type=\"heading.default\">\n\t\t\t\t<div class=\"elementor-widget-container\">\n\t\t\t\t\t<h1 class=\"elementor-heading-title elementor-size-default\">ba\u00f1o de compost<\/h1>\t\t\t\t<\/div>\n\t\t\t\t<\/div>\n\t\t\t\t<div class=\"elementor-element elementor-element-2008f04 elementor-widget elementor-widget-text-editor\" data-id=\"2008f04\" data-element_type=\"widget\" data-e-type=\"widget\" data-widget_type=\"text-editor.default\">\n\t\t\t\t<div class=\"elementor-widget-container\">\n\t\t\t\t\t\t\t\t\t<p>\u00bfLe gustar\u00eda comprar un inodoro de compost y tiene curiosidad acerca de las posibilidades? Ecosave, ubicada en Biddinghuizen, cerca de Lelystad, es especialista en el campo de las soluciones de ahorro de agua y energ\u00eda desde 1991. Adem\u00e1s de nuestra gama de sistemas de purificaci\u00f3n de agua, paneles solares y calentadores sostenibles, tambi\u00e9n ofrecemos inodoros ecol\u00f3gicos especiales. Con los inodoros puedes ahorrar f\u00e1cilmente 15.000 litros de agua potable por persona al a\u00f1o. \u00bfQuieres contribuir a un futuro m\u00e1s verde? \u00a1Entonces comprar un inodoro de compost podr\u00eda ser un primer paso en la direcci\u00f3n correcta!<\/p>\t\t\t\t\t\t\t\t<\/div>\n\t\t\t\t<\/div>\n\t\t\t\t\t<\/div>\n\t\t<\/div>\n\t\t\t\t<div class=\"elementor-column elementor-col-33 elementor-inner-column elementor-element elementor-element-ad09296\" data-id=\"ad09296\" data-element_type=\"column\" data-e-type=\"column\">\n\t\t\t<div class=\"elementor-widget-wrap elementor-element-populated\">\n\t\t\t\t\t\t<div class=\"elementor-element elementor-element-1ca6a92 elementor-widget elementor-widget-image\" data-id=\"1ca6a92\" data-element_type=\"widget\" data-e-type=\"widget\" data-widget_type=\"image.default\">\n\t\t\t\t<div class=\"elementor-widget-container\">\n\t\t\t\t\t\t\t\t\t\t\t\t\t\t\t\t<a href=\"https:\/\/ecosave.com\/shop\/compost-tanks\/cl200-droogtoilet-porselein\/\" target=\"_blank\" rel=\"noopener\">\n\t\t\t\t\t\t\t<img fetchpriority=\"high\" decoding=\"async\" width=\"179\" height=\"295\" src=\"https:\/\/staging.ecosave.com\/wp-content\/uploads\/2021\/09\/Afbeelding5.jpg.png\" class=\"attachment-large size-large wp-image-22185\" alt=\"\" srcset=\"https:\/\/staging.ecosave.com\/wp-content\/uploads\/2021\/09\/Afbeelding5.jpg.png 179w, https:\/\/staging.ecosave.com\/wp-content\/uploads\/2021\/09\/Afbeelding5.jpg-64x105.png 64w\" sizes=\"(max-width: 179px) 100vw, 179px\">\t\t\t\t\t\t\t\t<\/a>\n\t\t\t\t\t\t\t\t\t\t\t\t\t\t\t<\/div>\n\t\t\t\t<\/div>\n\t\t\t\t\t<\/div>\n\t\t<\/div>\n\t\t\t\t\t<\/div>\n\t\t<\/section>\n\t\t\t\t\t<\/div>\n\t\t<\/div>\n\t\t\t\t\t<\/div>\n\t\t<\/section>\n\t\t\t\t<section class=\"elementor-section elementor-top-section elementor-element elementor-element-e7fb8fa elementor-section-boxed elementor-section-height-default elementor-section-height-default\" data-id=\"e7fb8fa\" data-element_type=\"section\" data-e-type=\"section\">\n\t\t\t\t\t\t<div class=\"elementor-container elementor-column-gap-default\">\n\t\t\t\t\t<div class=\"elementor-column elementor-col-100 elementor-top-column elementor-element elementor-element-c0b479e\" data-id=\"c0b479e\" data-element_type=\"column\" data-e-type=\"column\">\n\t\t\t<div class=\"elementor-widget-wrap elementor-element-populated\">\n\t\t\t\t\t\t<div class=\"elementor-element elementor-element-44e69a3 elementor-widget elementor-widget-text-editor\" data-id=\"44e69a3\" data-element_type=\"widget\" data-e-type=\"widget\" data-widget_type=\"text-editor.default\">\n\t\t\t\t<div class=\"elementor-widget-container\">\n\t\t\t\t\t\t\t\t\t<p style=\"text-align: center;\"><strong>\u00bfQuieres saber qu\u00e9 podemos hacer por ti?<\/strong><\/p>\t\t\t\t\t\t\t\t<\/div>\n\t\t\t\t<\/div>\n\t\t\t\t<div class=\"elementor-element elementor-element-7549d2b elementor-align-center elementor-widget elementor-widget-button\" data-id=\"7549d2b\" data-element_type=\"widget\" data-e-type=\"widget\" data-widget_type=\"button.default\">\n\t\t\t\t<div class=\"elementor-widget-container\">\n\t\t\t\t\t\t\t\t\t<div class=\"elementor-button-wrapper\">\n\t\t\t\t\t<a class=\"elementor-button elementor-button-link elementor-size-sm\" href=\"https:\/\/ecosave.com\/contact\/\" target=\"_blank\" rel=\"noopener\">\n\t\t\t\t\t\t<span class=\"elementor-button-content-wrapper\">\n\t\t\t\t\t\t\t\t\t<span class=\"elementor-button-text\">Cont\u00e1ctenos<\/span>\n\t\t\t\t\t<\/span>\n\t\t\t\t\t<\/a>\n\t\t\t\t<\/div>\n\t\t\t\t\t\t\t\t<\/div>\n\t\t\t\t<\/div>\n\t\t\t\t\t<\/div>\n\t\t<\/div>\n\t\t\t\t\t<\/div>\n\t\t<\/section>\n\t\t\t\t<section class=\"elementor-section elementor-top-section elementor-element elementor-element-ca6c358 elementor-section-boxed elementor-section-height-default elementor-section-height-default\" data-id=\"ca6c358\" data-element_type=\"section\" data-e-type=\"section\">\n\t\t\t\t\t\t<div class=\"elementor-container elementor-column-gap-default\">\n\t\t\t\t\t<div class=\"elementor-column elementor-col-100 elementor-top-column elementor-element elementor-element-1d1f05e\" data-id=\"1d1f05e\" data-element_type=\"column\" data-e-type=\"column\">\n\t\t\t<div class=\"elementor-widget-wrap elementor-element-populated\">\n\t\t\t\t\t\t<section class=\"elementor-section elementor-inner-section elementor-element elementor-element-4960773 elementor-section-boxed elementor-section-height-default elementor-section-height-default\" data-id=\"4960773\" data-element_type=\"section\" data-e-type=\"section\">\n\t\t\t\t\t\t<div class=\"elementor-container elementor-column-gap-default\">\n\t\t\t\t\t<div class=\"elementor-column elementor-col-33 elementor-inner-column elementor-element elementor-element-00d729d\" data-id=\"00d729d\" data-element_type=\"column\" data-e-type=\"column\">\n\t\t\t<div class=\"elementor-widget-wrap elementor-element-populated\">\n\t\t\t\t\t\t<div class=\"elementor-element elementor-element-76291c3 elementor-widget elementor-widget-image\" data-id=\"76291c3\" data-element_type=\"widget\" data-e-type=\"widget\" data-widget_type=\"image.default\">\n\t\t\t\t<div class=\"elementor-widget-container\">\n\t\t\t\t\t\t\t\t\t\t\t\t\t\t\t\t<a href=\"https:\/\/ecosave.com\/shop\/compost-tanks\/mulltoa-biolet-25-compost-toilet\/\" target=\"_blank\" rel=\"noopener\">\n\t\t\t\t\t\t\t<img decoding=\"async\" width=\"284\" height=\"328\" src=\"https:\/\/staging.ecosave.com\/wp-content\/uploads\/2021\/09\/Afbeelding6.jpg\" class=\"attachment-large size-large wp-image-22192\" alt=\"\" srcset=\"https:\/\/staging.ecosave.com\/wp-content\/uploads\/2021\/09\/Afbeelding6.jpg 284w, https:\/\/staging.ecosave.com\/wp-content\/uploads\/2021\/09\/Afbeelding6-64x74.jpg 64w, https:\/\/staging.ecosave.com\/wp-content\/uploads\/2021\/09\/Afbeelding6-260x300.jpg 260w\" sizes=\"(max-width: 284px) 100vw, 284px\">\t\t\t\t\t\t\t\t<\/a>\n\t\t\t\t\t\t\t\t\t\t\t\t\t\t\t<\/div>\n\t\t\t\t<\/div>\n\t\t\t\t\t<\/div>\n\t\t<\/div>\n\t\t\t\t<div class=\"elementor-column elementor-col-66 elementor-inner-column elementor-element elementor-element-a19df7e\" data-id=\"a19df7e\" data-element_type=\"column\" data-e-type=\"column\">\n\t\t\t<div class=\"elementor-widget-wrap elementor-element-populated\">\n\t\t\t\t\t\t<div class=\"elementor-element elementor-element-8c9e7e5 elementor-widget elementor-widget-heading\" data-id=\"8c9e7e5\" data-element_type=\"widget\" data-e-type=\"widget\" data-widget_type=\"heading.default\">\n\t\t\t\t<div class=\"elementor-widget-container\">\n\t\t\t\t\t<h2 class=\"elementor-heading-title elementor-size-default\">Comprar un inodoro de compostaje con sistema de ventilaci\u00f3n <\/h2>\t\t\t\t<\/div>\n\t\t\t\t<\/div>\n\t\t\t\t<div class=\"elementor-element elementor-element-868e6fc elementor-widget elementor-widget-text-editor\" data-id=\"868e6fc\" data-element_type=\"widget\" data-e-type=\"widget\" data-widget_type=\"text-editor.default\">\n\t\t\t\t<div class=\"elementor-widget-container\">\n\t\t\t\t\t\t\t\t\t<p>Un inodoro compostero es un <a href=\"https:\/\/ecosave.com\/toilet-zonder-afvoer-en-water\/\" target=\"_blank\" rel=\"noopener\">inodoro sin desag\u00fce y sin agua<\/a> , que se puede utilizar en cualquier lugar. Esto es posible porque el inodoro es muy peque\u00f1o y compacto y no necesita estar conectado al sistema de alcantarillado. <a href=\"https:\/\/ecosave.com\/wat-zijn-droogtoiletten\/\" target=\"_blank\" rel=\"noopener\">Por lo tanto, los inodoros<\/a> se instalan a menudo en casas grandes, campos de golf, huertos, reservas naturales y campings. Un inodoro de compost, que puede comprar en nuestra tienda web, no usa agua ni productos qu\u00edmicos. Al instalar el inodoro, se coloca un tanque grande debajo del piso, en el que se recoge todo. El inodoro tiene ventilaci\u00f3n, por lo que no te molestar\u00e1n los olores desagradables.<\/p><h2>Una caseta de ba\u00f1o en madera<\/h2><p>\u00bfNo tienes un ba\u00f1o en el lugar o fuera? Entonces Ecosave puede proporcionarle una caseta sanitaria de madera completa que incluya un inodoro de compostaje. Ofrecemos varios modelos: Gypsy, Dalsland o Dalsland para discapacitados con puertas m\u00e1s grandes y m\u00e1s espacio.<\/p>\t\t\t\t\t\t\t\t<\/div>\n\t\t\t\t<\/div>\n\t\t\t\t\t<\/div>\n\t\t<\/div>\n\t\t\t\t\t<\/div>\n\t\t<\/section>\n\t\t\t\t\t<\/div>\n\t\t<\/div>\n\t\t\t\t\t<\/div>\n\t\t<\/section>\n\t\t\t\t<section class=\"elementor-section elementor-top-section elementor-element elementor-element-5950680 elementor-section-boxed elementor-section-height-default elementor-section-height-default\" data-id=\"5950680\" data-element_type=\"section\" data-e-type=\"section\">\n\t\t\t\t\t\t<div class=\"elementor-container elementor-column-gap-default\">\n\t\t\t\t\t<div class=\"elementor-column elementor-col-100 elementor-top-column elementor-element elementor-element-09ef5a5\" data-id=\"09ef5a5\" data-element_type=\"column\" data-e-type=\"column\">\n\t\t\t<div class=\"elementor-widget-wrap elementor-element-populated\">\n\t\t\t\t\t\t<div class=\"elementor-element elementor-element-f6ee89d elementor-widget elementor-widget-heading\" data-id=\"f6ee89d\" data-element_type=\"widget\" data-e-type=\"widget\" data-widget_type=\"heading.default\">\n\t\t\t\t<div class=\"elementor-widget-container\">\n\t\t\t\t\t<h3 class=\"elementor-heading-title elementor-size-default\">Cons\u00faltanos todas tus dudas<\/h3>\t\t\t\t<\/div>\n\t\t\t\t<\/div>\n\t\t\t\t<div class=\"elementor-element elementor-element-1019428 elementor-widget elementor-widget-text-editor\" data-id=\"1019428\" data-element_type=\"widget\" data-e-type=\"widget\" data-widget_type=\"text-editor.default\">\n\t\t\t\t<div class=\"elementor-widget-container\">\n\t\t\t\t\t\t\t\t\t<p>\u00bfQuieres comprar un inodoro de compost? \u00bfO est\u00e1 interesado en nuestros otros productos, como un filtro de agua de <a href=\"https:\/\/ecosave.com\/comprar-filtro-de-agua-de-lluvia\/?lang=es\" target=\"_blank\" rel=\"noopener\">lluvia<\/a> o <a href=\"https:\/\/ecosave.com\/biolet-kopen\/\" target=\"_blank\" rel=\"noopener\">biolet<\/a> ? En todos los casos est\u00e1s en buenas manos con Ecosave. Si tiene alguna pregunta sobre <a href=\"https:\/\/ecosave.com\/inodoro-ahorrador-de-agua\/?lang=es\" target=\"_blank\" rel=\"noopener\">nuestros inodoros ahorradores de agua<\/a> o si necesita asesoramiento personal, no dude <a href=\"https:\/\/ecosave.com\/contact\/\" target=\"_blank\" rel=\"noopener\">en ponerse en contacto con nosotros<\/a> . Puede comunicarse con nosotros llamando al <a href=\"tel:0031321332038\">+31 321 332038<\/a> o enviando un correo electr\u00f3nico a <a href=\"mailto:info@ecosave.com\">info@ecosave.com<\/a> .<\/p>\t\t\t\t\t\t\t\t<\/div>\n\t\t\t\t<\/div>\n\t\t\t\t\t<\/div>\n\t\t<\/div>\n\t\t\t\t\t<\/div>\n\t\t<\/section>\n\t\t\t\t<\/div>\n\t\t","protected":false},"excerpt":{"rendered":"<p>Especialista en sanitarios secos y composteros Soluciones de ahorro de agua y energ\u00eda Amplia aplicabilidad ba\u00f1o de compost \u00bfLe gustar\u00eda comprar un inodoro de compost y tiene curiosidad acerca de las posibilidades? Ecosave, ubicada en Biddinghuizen, cerca de Lelystad, es especialista en el campo de las soluciones de ahorro de agua y energ\u00eda desde 1991. [&hellip;]<\/p>\n","protected":false},"author":1,"featured_media":0,"parent":0,"menu_order":0,"comment_status":"closed","ping_status":"closed","template":"","meta":{"_acf_changed":false,"site-sidebar-layout":"no-sidebar","site-content-layout":"page-builder","ast-site-content-layout":"default","site-content-style":"default","site-sidebar-style":"default","ast-global-header-display":"","ast-banner-title-visibility":"","ast-main-header-display":"","ast-hfb-above-header-display":"","ast-hfb-below-header-display":"","ast-hfb-mobile-header-display":"","site-post-title":"disabled","ast-breadcrumbs-content":"","ast-featured-img":"disabled","footer-sml-layout":"","ast-disable-related-posts":"","theme-transparent-header-meta":"default","adv-header-id-meta":"","stick-header-meta":"","header-above-stick-meta":"","header-main-stick-meta":"","header-below-stick-meta":"","astra-migrate-meta-layouts":"default","ast-page-background-enabled":"default","ast-page-background-meta":{"desktop":{"background-color":"","background-image":"","background-repeat":"repeat","background-position":"center center","background-size":"auto","background-attachment":"scroll","background-type":"","background-media":"","overlay-type":"","overlay-color":"","overlay-opacity":"","overlay-gradient":""},"tablet":{"background-color":"","background-image":"","background-repeat":"repeat","background-position":"center center","background-size":"auto","background-attachment":"scroll","background-type":"","background-media":"","overlay-type":"","overlay-color":"","overlay-opacity":"","overlay-gradient":""},"mobile":{"background-color":"","background-image":"","background-repeat":"repeat","background-position":"center center","background-size":"auto","background-attachment":"scroll","background-type":"","background-media":"","overlay-type":"","overlay-color":"","overlay-opacity":"","overlay-gradient":""}},"ast-content-background-meta":{"desktop":{"background-color":"var(--ast-global-color-5)","background-image":"","background-repeat":"repeat","background-position":"center center","background-size":"auto","background-attachment":"scroll","background-type":"","background-media":"","overlay-type":"","overlay-color":"","overlay-opacity":"","overlay-gradient":""},"tablet":{"background-color":"var(--ast-global-color-5)","background-image":"","background-repeat":"repeat","background-position":"center center","background-size":"auto","background-attachment":"scroll","background-type":"","background-media":"","overlay-type":"","overlay-color":"","overlay-opacity":"","overlay-gradient":""},"mobile":{"background-color":"var(--ast-global-color-5)","background-image":"","background-repeat":"repeat","background-position":"center center","background-size":"auto","background-attachment":"scroll","background-type":"","background-media":"","overlay-type":"","overlay-color":"","overlay-opacity":"","overlay-gradient":""}},"footnotes":""},"class_list":["post-22589","page","type-page","status-publish","hentry"],"acf":[],"_links":{"self":[{"href":"https:\/\/staging.ecosave.com\/es\/wp-json\/wp\/v2\/pages\/22589","targetHints":{"allow":["GET"]}}],"collection":[{"href":"https:\/\/staging.ecosave.com\/es\/wp-json\/wp\/v2\/pages"}],"about":[{"href":"https:\/\/staging.ecosave.com\/es\/wp-json\/wp\/v2\/types\/page"}],"author":[{"embeddable":true,"href":"https:\/\/staging.ecosave.com\/es\/wp-json\/wp\/v2\/users\/1"}],"replies":[{"embeddable":true,"href":"https:\/\/staging.ecosave.com\/es\/wp-json\/wp\/v2\/comments?post=22589"}],"version-history":[{"count":0,"href":"https:\/\/staging.ecosave.com\/es\/wp-json\/wp\/v2\/pages\/22589\/revisions"}],"wp:attachment":[{"href":"https:\/\/staging.ecosave.com\/es\/wp-json\/wp\/v2\/media?parent=22589"}],"curies":[{"name":"wp","href":"https:\/\/api.w.org\/{rel}","templated":true}]}}