{"id":22596,"date":"2021-09-09T14:41:48","date_gmt":"2021-09-09T12:41:48","guid":{"rendered":"https:\/\/ecosave.com\/inodoro-para-autocaravanas\/"},"modified":"2022-02-24T14:44:06","modified_gmt":"2022-02-24T13:44:06","slug":"inodoro-para-autocaravanas","status":"publish","type":"page","link":"https:\/\/staging.ecosave.com\/es\/inodoro-para-autocaravanas\/","title":{"rendered":"inodoro para autocaravanas"},"content":{"rendered":"\t\t<div data-elementor-type=\"wp-page\" data-elementor-id=\"22596\" class=\"elementor elementor-22596\" data-elementor-post-type=\"page\">\n\t\t\t\t\t\t<section class=\"elementor-section elementor-top-section elementor-element elementor-element-7c55420 elementor-section-boxed elementor-section-height-default elementor-section-height-default\" data-id=\"7c55420\" data-element_type=\"section\" data-e-type=\"section\">\n\t\t\t\t\t\t<div class=\"elementor-container elementor-column-gap-default\">\n\t\t\t\t\t<div class=\"elementor-column elementor-col-100 elementor-top-column elementor-element elementor-element-544df43\" data-id=\"544df43\" data-element_type=\"column\" data-e-type=\"column\">\n\t\t\t<div class=\"elementor-widget-wrap elementor-element-populated\">\n\t\t\t\t\t\t<div class=\"elementor-element elementor-element-b8a9052 elementor-icon-list--layout-inline elementor-list-item-link-inline elementor-widget elementor-widget-icon-list\" data-id=\"b8a9052\" data-element_type=\"widget\" data-e-type=\"widget\" data-widget_type=\"icon-list.default\">\n\t\t\t\t<div class=\"elementor-widget-container\">\n\t\t\t\t\t\t\t<ul class=\"elementor-icon-list-items elementor-inline-items\">\n\t\t\t\t\t\t\t<li class=\"elementor-icon-list-item elementor-inline-item\">\n\t\t\t\t\t\t\t\t\t\t\t<span class=\"elementor-icon-list-icon\">\n\t\t\t\t\t\t\t<i aria-hidden=\"true\" class=\"fas fa-check\"><\/i>\t\t\t\t\t\t<\/span>\n\t\t\t\t\t\t\t\t\t\t<span class=\"elementor-icon-list-text\">Especialista en sanitarios secos y composteros <\/span>\n\t\t\t\t\t\t\t\t\t<\/li>\n\t\t\t\t\t\t\t\t<li class=\"elementor-icon-list-item elementor-inline-item\">\n\t\t\t\t\t\t\t\t\t\t\t<span class=\"elementor-icon-list-icon\">\n\t\t\t\t\t\t\t<i aria-hidden=\"true\" class=\"fas fa-check\"><\/i>\t\t\t\t\t\t<\/span>\n\t\t\t\t\t\t\t\t\t\t<span class=\"elementor-icon-list-text\">Soluciones de ahorro de agua y energ\u00eda<\/span>\n\t\t\t\t\t\t\t\t\t<\/li>\n\t\t\t\t\t\t\t\t<li class=\"elementor-icon-list-item elementor-inline-item\">\n\t\t\t\t\t\t\t\t\t\t\t<span class=\"elementor-icon-list-icon\">\n\t\t\t\t\t\t\t<i aria-hidden=\"true\" class=\"fas fa-check\"><\/i>\t\t\t\t\t\t<\/span>\n\t\t\t\t\t\t\t\t\t\t<span class=\"elementor-icon-list-text\">Amplia aplicabilidad<\/span>\n\t\t\t\t\t\t\t\t\t<\/li>\n\t\t\t\t\t\t<\/ul>\n\t\t\t\t\t\t<\/div>\n\t\t\t\t<\/div>\n\t\t\t\t\t<\/div>\n\t\t<\/div>\n\t\t\t\t\t<\/div>\n\t\t<\/section>\n\t\t\t\t<section class=\"elementor-section elementor-top-section elementor-element elementor-element-78f27ba elementor-section-boxed elementor-section-height-default elementor-section-height-default\" data-id=\"78f27ba\" data-element_type=\"section\" data-e-type=\"section\">\n\t\t\t\t\t\t<div class=\"elementor-container elementor-column-gap-default\">\n\t\t\t\t\t<div class=\"elementor-column elementor-col-100 elementor-top-column elementor-element elementor-element-f0e6eba\" data-id=\"f0e6eba\" data-element_type=\"column\" data-e-type=\"column\">\n\t\t\t<div class=\"elementor-widget-wrap elementor-element-populated\">\n\t\t\t\t\t\t<section class=\"elementor-section elementor-inner-section elementor-element elementor-element-b0433c7 elementor-section-boxed elementor-section-height-default elementor-section-height-default\" data-id=\"b0433c7\" data-element_type=\"section\" data-e-type=\"section\">\n\t\t\t\t\t\t<div class=\"elementor-container elementor-column-gap-default\">\n\t\t\t\t\t<div class=\"elementor-column elementor-col-66 elementor-inner-column elementor-element elementor-element-ad1677d\" data-id=\"ad1677d\" data-element_type=\"column\" data-e-type=\"column\">\n\t\t\t<div class=\"elementor-widget-wrap elementor-element-populated\">\n\t\t\t\t\t\t<div class=\"elementor-element elementor-element-c69d31f elementor-widget elementor-widget-heading\" data-id=\"c69d31f\" data-element_type=\"widget\" data-e-type=\"widget\" data-widget_type=\"heading.default\">\n\t\t\t\t<div class=\"elementor-widget-container\">\n\t\t\t\t\t<h1 class=\"elementor-heading-title elementor-size-default\">inodoro para autocaravanas<\/h1>\t\t\t\t<\/div>\n\t\t\t\t<\/div>\n\t\t\t\t<div class=\"elementor-element elementor-element-2008f04 elementor-widget elementor-widget-text-editor\" data-id=\"2008f04\" data-element_type=\"widget\" data-e-type=\"widget\" data-widget_type=\"text-editor.default\">\n\t\t\t\t<div class=\"elementor-widget-container\">\n\t\t\t\t\t\t\t\t\t<p>\u00bfEres un aventurero entusiasta de los campamentos y buscas un ba\u00f1o camper sostenible para tu autocaravana, caravana o tienda de campa\u00f1a? Ecosave, ubicada en Biddinghuizen, cerca de Lelystad, ha estado ofreciendo una gama de inodoros ecol\u00f3gicos desde 1991, que van desde inodoros secos peque\u00f1os y compactos hasta inodoros de compost m\u00e1s grandes. Estos inodoros sostenibles no utilizan agua ni productos qu\u00edmicos y tienen una amplia gama de aplicaciones.<\/p>\t\t\t\t\t\t\t\t<\/div>\n\t\t\t\t<\/div>\n\t\t\t\t\t<\/div>\n\t\t<\/div>\n\t\t\t\t<div class=\"elementor-column elementor-col-33 elementor-inner-column elementor-element elementor-element-ad09296\" data-id=\"ad09296\" data-element_type=\"column\" data-e-type=\"column\">\n\t\t\t<div class=\"elementor-widget-wrap elementor-element-populated\">\n\t\t\t\t\t\t<div class=\"elementor-element elementor-element-1ca6a92 elementor-widget elementor-widget-image\" data-id=\"1ca6a92\" data-element_type=\"widget\" data-e-type=\"widget\" data-widget_type=\"image.default\">\n\t\t\t\t<div class=\"elementor-widget-container\">\n\t\t\t\t\t\t\t\t\t\t\t\t\t\t\t\t<a href=\"https:\/\/ecosave.com\/shop\/droogtoilet\/separett-tiny-toilet-2\/\" target=\"_blank\" rel=\"noopener\">\n\t\t\t\t\t\t\t<img fetchpriority=\"high\" decoding=\"async\" width=\"611\" height=\"611\" src=\"https:\/\/staging.ecosave.com\/wp-content\/uploads\/2021\/09\/Afbeelding1.jpg\" class=\"attachment-large size-large wp-image-22157\" alt=\"\" srcset=\"https:\/\/staging.ecosave.com\/wp-content\/uploads\/2021\/09\/Afbeelding1.jpg 611w, https:\/\/staging.ecosave.com\/wp-content\/uploads\/2021\/09\/Afbeelding1-300x300.jpg 300w, https:\/\/staging.ecosave.com\/wp-content\/uploads\/2021\/09\/Afbeelding1-100x100.jpg 100w, https:\/\/staging.ecosave.com\/wp-content\/uploads\/2021\/09\/Afbeelding1-600x600.jpg 600w, https:\/\/staging.ecosave.com\/wp-content\/uploads\/2021\/09\/Afbeelding1-64x64.jpg 64w, https:\/\/staging.ecosave.com\/wp-content\/uploads\/2021\/09\/Afbeelding1-150x150.jpg 150w\" sizes=\"(max-width: 611px) 100vw, 611px\">\t\t\t\t\t\t\t\t<\/a>\n\t\t\t\t\t\t\t\t\t\t\t\t\t\t\t<\/div>\n\t\t\t\t<\/div>\n\t\t\t\t\t<\/div>\n\t\t<\/div>\n\t\t\t\t\t<\/div>\n\t\t<\/section>\n\t\t\t\t\t<\/div>\n\t\t<\/div>\n\t\t\t\t\t<\/div>\n\t\t<\/section>\n\t\t\t\t<section class=\"elementor-section elementor-top-section elementor-element elementor-element-e7fb8fa elementor-section-boxed elementor-section-height-default elementor-section-height-default\" data-id=\"e7fb8fa\" data-element_type=\"section\" data-e-type=\"section\">\n\t\t\t\t\t\t<div class=\"elementor-container elementor-column-gap-default\">\n\t\t\t\t\t<div class=\"elementor-column elementor-col-100 elementor-top-column elementor-element elementor-element-c0b479e\" data-id=\"c0b479e\" data-element_type=\"column\" data-e-type=\"column\">\n\t\t\t<div class=\"elementor-widget-wrap elementor-element-populated\">\n\t\t\t\t\t\t<div class=\"elementor-element elementor-element-44e69a3 elementor-widget elementor-widget-text-editor\" data-id=\"44e69a3\" data-element_type=\"widget\" data-e-type=\"widget\" data-widget_type=\"text-editor.default\">\n\t\t\t\t<div class=\"elementor-widget-container\">\n\t\t\t\t\t\t\t\t\t<p style=\"text-align: center;\"><strong>\u00bfQuieres saber qu\u00e9 podemos hacer por ti?<\/strong><\/p>\t\t\t\t\t\t\t\t<\/div>\n\t\t\t\t<\/div>\n\t\t\t\t<div class=\"elementor-element elementor-element-7549d2b elementor-align-center elementor-widget elementor-widget-button\" data-id=\"7549d2b\" data-element_type=\"widget\" data-e-type=\"widget\" data-widget_type=\"button.default\">\n\t\t\t\t<div class=\"elementor-widget-container\">\n\t\t\t\t\t\t\t\t\t<div class=\"elementor-button-wrapper\">\n\t\t\t\t\t<a class=\"elementor-button elementor-button-link elementor-size-sm\" href=\"https:\/\/ecosave.com\/contact\/\" target=\"_blank\" rel=\"noopener\">\n\t\t\t\t\t\t<span class=\"elementor-button-content-wrapper\">\n\t\t\t\t\t\t\t\t\t<span class=\"elementor-button-text\">Cont\u00e1ctenos<\/span>\n\t\t\t\t\t<\/span>\n\t\t\t\t\t<\/a>\n\t\t\t\t<\/div>\n\t\t\t\t\t\t\t\t<\/div>\n\t\t\t\t<\/div>\n\t\t\t\t\t<\/div>\n\t\t<\/div>\n\t\t\t\t\t<\/div>\n\t\t<\/section>\n\t\t\t\t<section class=\"elementor-section elementor-top-section elementor-element elementor-element-ca6c358 elementor-section-boxed elementor-section-height-default elementor-section-height-default\" data-id=\"ca6c358\" data-element_type=\"section\" data-e-type=\"section\">\n\t\t\t\t\t\t<div class=\"elementor-container elementor-column-gap-default\">\n\t\t\t\t\t<div class=\"elementor-column elementor-col-100 elementor-top-column elementor-element elementor-element-1d1f05e\" data-id=\"1d1f05e\" data-element_type=\"column\" data-e-type=\"column\">\n\t\t\t<div class=\"elementor-widget-wrap elementor-element-populated\">\n\t\t\t\t\t\t<section class=\"elementor-section elementor-inner-section elementor-element elementor-element-4960773 elementor-section-boxed elementor-section-height-default elementor-section-height-default\" data-id=\"4960773\" data-element_type=\"section\" data-e-type=\"section\">\n\t\t\t\t\t\t<div class=\"elementor-container elementor-column-gap-default\">\n\t\t\t\t\t<div class=\"elementor-column elementor-col-33 elementor-inner-column elementor-element elementor-element-00d729d\" data-id=\"00d729d\" data-element_type=\"column\" data-e-type=\"column\">\n\t\t\t<div class=\"elementor-widget-wrap elementor-element-populated\">\n\t\t\t\t\t\t<div class=\"elementor-element elementor-element-76291c3 elementor-widget elementor-widget-image\" data-id=\"76291c3\" data-element_type=\"widget\" data-e-type=\"widget\" data-widget_type=\"image.default\">\n\t\t\t\t<div class=\"elementor-widget-container\">\n\t\t\t\t\t\t\t\t\t\t\t\t\t\t\t\t<a href=\"https:\/\/ecosave.com\/shop\/droogtoilet\/separett-tiny-toilet-2\/\" target=\"_blank\" rel=\"noopener\">\n\t\t\t\t\t\t\t<img decoding=\"async\" width=\"572\" height=\"572\" src=\"https:\/\/staging.ecosave.com\/wp-content\/uploads\/2021\/09\/Afbeelding2.jpg\" class=\"attachment-large size-large wp-image-22164\" alt=\"\" srcset=\"https:\/\/staging.ecosave.com\/wp-content\/uploads\/2021\/09\/Afbeelding2.jpg 572w, https:\/\/staging.ecosave.com\/wp-content\/uploads\/2021\/09\/Afbeelding2-300x300.jpg 300w, https:\/\/staging.ecosave.com\/wp-content\/uploads\/2021\/09\/Afbeelding2-100x100.jpg 100w, https:\/\/staging.ecosave.com\/wp-content\/uploads\/2021\/09\/Afbeelding2-64x64.jpg 64w, https:\/\/staging.ecosave.com\/wp-content\/uploads\/2021\/09\/Afbeelding2-150x150.jpg 150w\" sizes=\"(max-width: 572px) 100vw, 572px\">\t\t\t\t\t\t\t\t<\/a>\n\t\t\t\t\t\t\t\t\t\t\t\t\t\t\t<\/div>\n\t\t\t\t<\/div>\n\t\t\t\t\t<\/div>\n\t\t<\/div>\n\t\t\t\t<div class=\"elementor-column elementor-col-66 elementor-inner-column elementor-element elementor-element-a19df7e\" data-id=\"a19df7e\" data-element_type=\"column\" data-e-type=\"column\">\n\t\t\t<div class=\"elementor-widget-wrap elementor-element-populated\">\n\t\t\t\t\t\t<div class=\"elementor-element elementor-element-8c9e7e5 elementor-widget elementor-widget-heading\" data-id=\"8c9e7e5\" data-element_type=\"widget\" data-e-type=\"widget\" data-widget_type=\"heading.default\">\n\t\t\t\t<div class=\"elementor-widget-container\">\n\t\t\t\t\t<h2 class=\"elementor-heading-title elementor-size-default\">Un ba\u00f1o camper para un camping sostenible <\/h2>\t\t\t\t<\/div>\n\t\t\t\t<\/div>\n\t\t\t\t<div class=\"elementor-element elementor-element-868e6fc elementor-widget elementor-widget-text-editor\" data-id=\"868e6fc\" data-element_type=\"widget\" data-e-type=\"widget\" data-widget_type=\"text-editor.default\">\n\t\t\t\t<div class=\"elementor-widget-container\">\n\t\t\t\t\t\t\t\t\t<p><a href=\"https:\/\/ecosave.com\/product-categorie\/droogtoilet\/\" target=\"_blank\" rel=\"noopener\">Por ejemplo, un inodoro seco<\/a> ofrece una soluci\u00f3n en lugares donde no hay un sistema de alcantarillado. Por lo tanto, se puede usar en todas partes: en una caravana o autocaravana, en un yate o en el ba\u00f1o de una casa peque\u00f1a. \u00bfQuieres que tu experiencia de acampada sea m\u00e1s sostenible? Con un inodoro camper Ecosave, que <a href=\"https:\/\/ecosave.com\/toilet-zonder-riool\/\" target=\"_blank\" rel=\"noopener\">no requiere conexi\u00f3n de alcantarillado y alcantarillado<\/a> , ahorras una cantidad de agua considerable. El inodoro recoge heces y orina y solo debe vaciarse una vez cada dos o tres semanas aproximadamente (dependiendo del n\u00famero de usuarios), debiendo cambiarse la bolsa biol\u00f3gica.<\/p>\t\t\t\t\t\t\t\t<\/div>\n\t\t\t\t<\/div>\n\t\t\t\t\t<\/div>\n\t\t<\/div>\n\t\t\t\t\t<\/div>\n\t\t<\/section>\n\t\t\t\t\t<\/div>\n\t\t<\/div>\n\t\t\t\t\t<\/div>\n\t\t<\/section>\n\t\t\t\t<section class=\"elementor-section elementor-top-section elementor-element elementor-element-5950680 elementor-section-boxed elementor-section-height-default elementor-section-height-default\" data-id=\"5950680\" data-element_type=\"section\" data-e-type=\"section\">\n\t\t\t\t\t\t<div class=\"elementor-container elementor-column-gap-default\">\n\t\t\t\t\t<div class=\"elementor-column elementor-col-100 elementor-top-column elementor-element elementor-element-09ef5a5\" data-id=\"09ef5a5\" data-element_type=\"column\" data-e-type=\"column\">\n\t\t\t<div class=\"elementor-widget-wrap elementor-element-populated\">\n\t\t\t\t\t\t<div class=\"elementor-element elementor-element-f6ee89d elementor-widget elementor-widget-heading\" data-id=\"f6ee89d\" data-element_type=\"widget\" data-e-type=\"widget\" data-widget_type=\"heading.default\">\n\t\t\t\t<div class=\"elementor-widget-container\">\n\t\t\t\t\t<h3 class=\"elementor-heading-title elementor-size-default\">Pregunta por las posibilidades <\/h3>\t\t\t\t<\/div>\n\t\t\t\t<\/div>\n\t\t\t\t<div class=\"elementor-element elementor-element-1019428 elementor-widget elementor-widget-text-editor\" data-id=\"1019428\" data-element_type=\"widget\" data-e-type=\"widget\" data-widget_type=\"text-editor.default\">\n\t\t\t\t<div class=\"elementor-widget-container\">\n\t\t\t\t\t\t\t\t\t<p>Cuando desea comprar un inodoro para autocaravanas y elegir un inodoro que ahorra agua, est\u00e1 haciendo una elecci\u00f3n respetuosa con el medio ambiente. \u00bfLe gustar\u00eda informarse sobre las posibilidades o tiene preguntas espec\u00edficas sobre <a href=\"https:\/\/ecosave.com\/shop\/\" target=\"_blank\" rel=\"noopener\">la oferta<\/a> ? Estamos encantados de ayudarle. Cont\u00e1ctenos llamando al <a href=\"tel:0031321332038\">+31 321 332038<\/a> o env\u00ede un correo electr\u00f3nico a <a href=\"mailto:info@ecosave.com\">info@ecosave.com<\/a> . \u00a1Nos complace explicarle nuestras soluciones!<\/p>\t\t\t\t\t\t\t\t<\/div>\n\t\t\t\t<\/div>\n\t\t\t\t\t<\/div>\n\t\t<\/div>\n\t\t\t\t\t<\/div>\n\t\t<\/section>\n\t\t\t\t<\/div>\n\t\t","protected":false},"excerpt":{"rendered":"<p>Especialista en sanitarios secos y composteros Soluciones de ahorro de agua y energ\u00eda Amplia aplicabilidad inodoro para autocaravanas \u00bfEres un aventurero entusiasta de los campamentos y buscas un ba\u00f1o camper sostenible para tu autocaravana, caravana o tienda de campa\u00f1a? Ecosave, ubicada en Biddinghuizen, cerca de Lelystad, ha estado ofreciendo una gama de inodoros ecol\u00f3gicos desde [&hellip;]<\/p>\n","protected":false},"author":1,"featured_media":0,"parent":0,"menu_order":0,"comment_status":"closed","ping_status":"closed","template":"","meta":{"_acf_changed":false,"site-sidebar-layout":"no-sidebar","site-content-layout":"page-builder","ast-site-content-layout":"default","site-content-style":"default","site-sidebar-style":"default","ast-global-header-display":"","ast-banner-title-visibility":"","ast-main-header-display":"","ast-hfb-above-header-display":"","ast-hfb-below-header-display":"","ast-hfb-mobile-header-display":"","site-post-title":"disabled","ast-breadcrumbs-content":"","ast-featured-img":"disabled","footer-sml-layout":"","ast-disable-related-posts":"","theme-transparent-header-meta":"default","adv-header-id-meta":"","stick-header-meta":"","header-above-stick-meta":"","header-main-stick-meta":"","header-below-stick-meta":"","astra-migrate-meta-layouts":"default","ast-page-background-enabled":"default","ast-page-background-meta":{"desktop":{"background-color":"","background-image":"","background-repeat":"repeat","background-position":"center center","background-size":"auto","background-attachment":"scroll","background-type":"","background-media":"","overlay-type":"","overlay-color":"","overlay-opacity":"","overlay-gradient":""},"tablet":{"background-color":"","background-image":"","background-repeat":"repeat","background-position":"center center","background-size":"auto","background-attachment":"scroll","background-type":"","background-media":"","overlay-type":"","overlay-color":"","overlay-opacity":"","overlay-gradient":""},"mobile":{"background-color":"","background-image":"","background-repeat":"repeat","background-position":"center center","background-size":"auto","background-attachment":"scroll","background-type":"","background-media":"","overlay-type":"","overlay-color":"","overlay-opacity":"","overlay-gradient":""}},"ast-content-background-meta":{"desktop":{"background-color":"var(--ast-global-color-5)","background-image":"","background-repeat":"repeat","background-position":"center center","background-size":"auto","background-attachment":"scroll","background-type":"","background-media":"","overlay-type":"","overlay-color":"","overlay-opacity":"","overlay-gradient":""},"tablet":{"background-color":"var(--ast-global-color-5)","background-image":"","background-repeat":"repeat","background-position":"center center","background-size":"auto","background-attachment":"scroll","background-type":"","background-media":"","overlay-type":"","overlay-color":"","overlay-opacity":"","overlay-gradient":""},"mobile":{"background-color":"var(--ast-global-color-5)","background-image":"","background-repeat":"repeat","background-position":"center center","background-size":"auto","background-attachment":"scroll","background-type":"","background-media":"","overlay-type":"","overlay-color":"","overlay-opacity":"","overlay-gradient":""}},"footnotes":""},"class_list":["post-22596","page","type-page","status-publish","hentry"],"acf":[],"_links":{"self":[{"href":"https:\/\/staging.ecosave.com\/es\/wp-json\/wp\/v2\/pages\/22596","targetHints":{"allow":["GET"]}}],"collection":[{"href":"https:\/\/staging.ecosave.com\/es\/wp-json\/wp\/v2\/pages"}],"about":[{"href":"https:\/\/staging.ecosave.com\/es\/wp-json\/wp\/v2\/types\/page"}],"author":[{"embeddable":true,"href":"https:\/\/staging.ecosave.com\/es\/wp-json\/wp\/v2\/users\/1"}],"replies":[{"embeddable":true,"href":"https:\/\/staging.ecosave.com\/es\/wp-json\/wp\/v2\/comments?post=22596"}],"version-history":[{"count":0,"href":"https:\/\/staging.ecosave.com\/es\/wp-json\/wp\/v2\/pages\/22596\/revisions"}],"wp:attachment":[{"href":"https:\/\/staging.ecosave.com\/es\/wp-json\/wp\/v2\/media?parent=22596"}],"curies":[{"name":"wp","href":"https:\/\/api.w.org\/{rel}","templated":true}]}}