{"id":23580,"date":"2019-03-04T10:02:47","date_gmt":"2019-03-04T09:02:47","guid":{"rendered":"https:\/\/ecosave.com\/politica-de-privacidade\/"},"modified":"2022-02-24T16:55:48","modified_gmt":"2022-02-24T15:55:48","slug":"politica-de-privacidade","status":"publish","type":"page","link":"https:\/\/staging.ecosave.com\/pt-pt\/politica-de-privacidade\/","title":{"rendered":"Pol\u00edtica de privacidade"},"content":{"rendered":"\t\t<div data-elementor-type=\"wp-page\" data-elementor-id=\"23580\" class=\"elementor elementor-23580\" data-elementor-post-type=\"page\">\n\t\t\t\t\t\t<section class=\"elementor-section elementor-top-section elementor-element elementor-element-95616ac elementor-section-boxed elementor-section-height-default elementor-section-height-default\" data-id=\"95616ac\" data-element_type=\"section\" data-e-type=\"section\">\n\t\t\t\t\t\t<div class=\"elementor-container elementor-column-gap-default\">\n\t\t\t\t\t<div class=\"elementor-column elementor-col-100 elementor-top-column elementor-element elementor-element-f82e33b\" data-id=\"f82e33b\" data-element_type=\"column\" data-e-type=\"column\">\n\t\t\t<div class=\"elementor-widget-wrap elementor-element-populated\">\n\t\t\t\t\t\t<div class=\"elementor-element elementor-element-5b57ba6 elementor-widget elementor-widget-text-editor\" data-id=\"5b57ba6\" data-element_type=\"widget\" data-e-type=\"widget\" data-widget_type=\"text-editor.default\">\n\t\t\t\t<div class=\"elementor-widget-container\">\n\t\t\t\t\t\t\t\t\t<p style=\"font-size: 15px;\"><span style=\"font-weight: bold;\">Pol\u00edtica de Privacidade Ecosave<\/span><\/p><p style=\"font-size: 15px;\">https:\/\/ecosave.com\/<\/p><p style=\"font-size: 15px;\"><span style=\"font-weight: bold;\"><i>Sobre a nossa pol\u00edtica de privacidade<\/i><\/span><\/p><p style=\"font-size: 15px;\">A Ecosave preocupa-se profundamente com a sua privacidade. Por isso, s\u00f3 processamos os dados de que necessitamos (melhorar) os nossos servi\u00e7os e tratamos da informa\u00e7\u00e3o que recolhemos sobre si e sobre a sua utiliza\u00e7\u00e3o dos nossos servi\u00e7os com cuidado. Nunca disponibilizamos os seus dados a terceiros para fins comerciais.<\/p><p style=\"font-size: 15px;\">Esta pol\u00edtica de privacidade aplica-se \u00e0 utiliza\u00e7\u00e3o do website e aos servi\u00e7os prestados pela Ecosave. A data efetiva para a validade destas condi\u00e7\u00f5es \u00e9 17\/12\/2018, com a publica\u00e7\u00e3o de uma nova vers\u00e3o a validade de todas as vers\u00f5es anteriores expira. Esta pol\u00edtica de privacidade descreve quais as informa\u00e7\u00f5es sobre si recolhidas por n\u00f3s, para que \u00e9 que estas informa\u00e7\u00f5es s\u00e3o utilizadas, e com quem e em que condi\u00e7\u00f5es, estas informa\u00e7\u00f5es podem ser partilhadas com terceiros. Tamb\u00e9m lhe explicamos como armazenamos os seus dados e como protegemos os seus dados contra o uso indevido e quais os direitos que tem em rela\u00e7\u00e3o aos dados pessoais que nos fornece.<\/p><p style=\"font-size: 15px;\">Se tiver alguma d\u00favida sobre a nossa pol\u00edtica de privacidade, contacte a nossa pessoa de contacto para quest\u00f5es de privacidade, encontrar\u00e1 os dados de contacto no final da nossa pol\u00edtica de privacidade.<\/p><p style=\"font-size: 15px;\"><i>Sobre o processamento de dados<\/i><\/p><p style=\"font-size: 15px;\">Abaixo pode ler como processamos os seus dados, onde os armazenamos (ou os armazenamos), quais as t\u00e9cnicas de seguran\u00e7a que utilizamos e para as quais os dados s\u00e3o transparentes.<\/p><p style=\"font-size: 15px;\">Software webshop<\/p><p style=\"font-size: 15px;\"><i>Webshop<\/i><\/p><p style=\"font-size: 15px;\">A nossa webshop \u00e9 desenvolvida com software ege. Os dados pessoais que nos disponibiliza para efeitos dos nossos servi\u00e7os ser\u00e3o partilhados connosco. Temos acesso aos seus dados para nos fornecer suporte (t\u00e9cnico), eles nunca utilizar\u00e3o os seus dados para qualquer outra finalidade.<\/p><p style=\"font-size: 15px;\">Somos obrigados a tomar as medidas de seguran\u00e7a adequadas. Utilizamos cookies para recolher informa\u00e7\u00f5es t\u00e9cnicas sobre a sua utiliza\u00e7\u00e3o do software, n\u00e3o s\u00e3o recolhidos e\/ou armazenados dados pessoais.<\/p><p style=\"font-size: 15px;\"><i>Hospedagem web<\/i><\/p><p style=\"font-size: 15px;\">Trans IP<\/p><p style=\"font-size: 15px;\">Compramos servi\u00e7os de hospedagem web e e-mail da Trans IP. A Trans IP processa dados pessoais em nosso nome e n\u00e3o utiliza os seus dados para as suas pr\u00f3prias finalidades. No entanto, esta parte pode recolher metadados sobre a utiliza\u00e7\u00e3o dos servi\u00e7os. Estes n\u00e3o s\u00e3o dados pessoais. A TransIP tomou as medidas t\u00e9cnicas e organizativas adequadas para evitar a perda e a utiliza\u00e7\u00e3o n\u00e3o autorizada dos seus dados pessoais. A TransIP \u00e9 obrigada a manter a confidencialidade com base no acordo.<\/p><p style=\"font-size: 15px;\">Para o nosso tr\u00e1fego regular de e-mails de neg\u00f3cios, utilizamos os servi\u00e7os de. Este partido tomou as medidas t\u00e9cnicas e organizativas adequadas para evitar o uso indevido, perda e corrup\u00e7\u00e3o dos seus dados e dos nossos dados tanto quanto poss\u00edvel. n\u00e3o tem acesso \u00e0 nossa caixa de correio e tratamos confidencialmente todo o nosso tr\u00e1fego de e-mail.<\/p><p style=\"font-size: 15px;\"><i>Processadores de pagamento<\/i><\/p><p style=\"font-size: 15px;\"><span style=\"font-weight: bold;\">Rio Mollie<\/span><\/p><p style=\"font-size: 15px;\">Para lidar (parte) dos pagamentos na nossa webshop, usamos a plataforma mollie. Mollie processa o seu nome, endere\u00e7o e dados de resid\u00eancia e os seus dados de pagamento, tais como a sua conta banc\u00e1ria ou n\u00famero de cart\u00e3o de cr\u00e9dito. Mollie tomou as medidas t\u00e9cnicas e organizativas adequadas para proteger os seus dados pessoais. A Mollie reserva-se o direito de utilizar os seus dados para melhorar ainda mais o servi\u00e7o e partilhar dados (anonimizados) com terceiros neste contexto. Todas as salvaguardas acima mencionadas no que diz respeito \u00e0 prote\u00e7\u00e3o dos seus dados pessoais tamb\u00e9m se aplicam \u00e0s partes dos servi\u00e7os da Mollie para as quais contratam terceiros. Mollie n\u00e3o armazena os seus dados por mais tempo do que o permitido por lei.<\/p><p style=\"font-size: 15px;\"><i>Coment\u00e1rios<\/i><\/p><p style=\"font-size: 15px;\">Recolhemos coment\u00e1rios atrav\u00e9s da plataforma Ecosave. Se deixar uma avalia\u00e7\u00e3o via Ecosave, \u00e9 obrigado a fornecer o seu nome, local de resid\u00eancia e endere\u00e7o de e-mail. A Ecosave partilha esta informa\u00e7\u00e3o connosco para que possamos ligar a revis\u00e3o \u00e0 sua encomenda.  [AANBIEDER]  tamb\u00e9m publica o seu nome e local de resid\u00eancia no seu pr\u00f3prio site. Em alguns casos, [AANBIEDER] poder\u00e1 ser contactado para fornecer uma explica\u00e7\u00e3o da sua an\u00e1lise. No caso de o convidarmos a deixar uma revis\u00e3o, partilharemos o seu nome e endere\u00e7o de e-mail com a Ecosave. Eles s\u00f3 usam esta informa\u00e7\u00e3o com o prop\u00f3sito de convid\u00e1-lo a deixar uma revis\u00e3o. A Ecosave tomou as medidas t\u00e9cnicas e organizativas adequadas para proteger os seus dados pessoais. A Ecosave reserva-se o direito de contratar terceiros para a presta\u00e7\u00e3o do servi\u00e7o, para isso demos permiss\u00e3o \u00e0 Ecosave. Todas as salvaguardas acima mencionadas no que diz respeito \u00e0 prote\u00e7\u00e3o dos seus dados pessoais tamb\u00e9m se aplicam \u00e0s partes do servi\u00e7o para as quais a Ecosave contrata terceiros.<\/p><p style=\"font-size: 15px;\"><i>Transporte e log\u00edstica<\/i><\/p><p style=\"font-size: 15px;\"><span style=\"font-weight: bold;\">PostNL<\/span><\/p><p style=\"font-size: 15px;\">Se fizer um pedido connosco, o nosso trabalho \u00e9 entregar-lhe a sua encomenda. Utilizamos os servi\u00e7os da PostNL para realizar as entregas. Por isso, \u00e9 necess\u00e1rio que partilhemos o seu nome, morada e detalhes de resid\u00eancia com o PostNL. A PostNL utiliza apenas estas informa\u00e7\u00f5es com o prop\u00f3sito de executar o acordo. No caso de o PostNL contratar subcontratantes, a PostNL tamb\u00e9m disponibilizar\u00e1 os seus dados a estas partes.<\/p><p style=\"font-size: 15px;\"><i>Fatura\u00e7\u00e3o e contabilidade<\/i><\/p><p style=\"font-size: 15px;\"><span style=\"font-weight: bold;\">Arranque r\u00e1pido<\/span><\/p><p style=\"font-size: 15px;\">Para acompanhar a nossa administra\u00e7\u00e3o e contabilidade, utilizamos os servi\u00e7os da Snelstart. Partilhamos o seu nome, endere\u00e7o e detalhes de resid\u00eancia e detalhes relativos \u00e0 sua encomenda. Estes dados s\u00e3o utilizados para administrar faturas de vendas. Os seus dados pessoais ser\u00e3o transmitidos e armazenados protegidos. A Snelstart \u00e9 obrigada a manter a confidencialidade e tratar\u00e1 os seus dados de forma confidencial. A Snelstart n\u00e3o utiliza os seus dados pessoais para outros fins que n\u00e3o os acima descritos.<\/p><p style=\"font-size: 15px;\"><i>Canais de vendas externos<\/i><\/p><p style=\"font-size: 15px;\">Finalidade do tratamento de dados<\/p><p style=\"font-size: 15px;\">Finalidade geral do processamento<\/p><p style=\"font-size: 15px;\">Utilizamos apenas os seus dados em benef\u00edcio dos nossos servi\u00e7os. Isto significa que o objetivo do processamento est\u00e1 sempre diretamente relacionado com a ordem que fornece. N\u00e3o utilizamos os seus dados para marketing (direcionado). Se partilhar dados connosco e utilizarmos estes dados para o contactar mais tarde &#8211; para al\u00e9m do seu pedido &#8211; pediremos-lhe autoriza\u00e7\u00e3o expl\u00edcita para o fazer. Os seus dados n\u00e3o ser\u00e3o partilhados com terceiros, a n\u00e3o ser para cumprir com as obriga\u00e7\u00f5es contabil\u00edsticas e outras obriga\u00e7\u00f5es administrativas.<\/p><p style=\"font-size: 15px;\">Estes terceiros est\u00e3o todos vinculados pela confidencialidade com base no acordo entre eles e n\u00f3s ou um juramento ou legal<\/p><p style=\"font-size: 15px;\"><i>Dados recolhidos automaticamente<\/i><\/p><p style=\"font-size: 15px;\">Os dados que s\u00e3o recolhidos automaticamente pelo nosso website s\u00e3o processados com o objetivo de melhorar ainda mais os nossos servi\u00e7os. Estes dados (por exemplo, o seu endere\u00e7o IP, navegador web e sistema operativo) n\u00e3o s\u00e3o dados pessoais.<\/p><p style=\"font-size: 15px;\"><i>Coopera\u00e7\u00e3o em investiga\u00e7\u00f5es fiscais e criminais<\/i><\/p><p style=\"font-size: 15px;\">Em alguns casos, a Ecosave pode ser obrigada a partilhar os seus dados em rela\u00e7\u00e3o a impostos governamentais ou investiga\u00e7\u00f5es criminais com base numa obriga\u00e7\u00e3o legal. Neste caso, somos obrigados a partilhar os seus dados, mas opor-nos-emos dentro das possibilidades oferecidas por lei.<\/p><p style=\"font-size: 15px;\"><i>Per\u00edodos de reten\u00e7\u00e3o<\/i><\/p><p style=\"font-size: 15px;\">Guardamos os seus dados desde que sejam nossos clientes. Isto significa que mantemos o seu perfil de cliente at\u00e9 que indique que j\u00e1 n\u00e3o deseja utilizar os nossos servi\u00e7os. Se nos indicar isto, tamb\u00e9m tomaremos isto como um pedido de esquecimento. Com base nas obriga\u00e7\u00f5es administrativas aplic\u00e1veis, temos de manter as faturas com os seus dados (pessoais), pelo que conservaremos estes dados enquanto o per\u00edodo aplic\u00e1vel for executado. No entanto, os colaboradores deixaram de ter acesso ao perfil do seu cliente e documentos que produzimos como resultado da sua atribui\u00e7\u00e3o.<\/p><p style=\"font-size: 15px;\"><i>Os seus direitos<\/i><\/p><p style=\"font-size: 15px;\">Com base na legisla\u00e7\u00e3o neerlandesa e europeia aplic\u00e1vel, o seu titular tem certos direitos no que diz respeito aos dados pessoais tratados por ou em nosso nome. Explicamos abaixo quais s\u00e3o os direitos e como pode invocar estes direitos. Em princ\u00edpio, para evitar o uso indevido, enviaremos apenas c\u00f3pias e c\u00f3pias dos seus dados para o seu endere\u00e7o de e-mail j\u00e1 conhecido. No caso de pretender receber os dados noutro endere\u00e7o de e-mail ou, por exemplo, por correio, pediremos que se identifique. Mantemos uma administra\u00e7\u00e3o de pedidos tratados, no caso de um pedido de esquecimento administramos dados anonimizados. Receber\u00e1 todas as c\u00f3pias e c\u00f3pias de dados no formato de dados leg\u00edvel por m\u00e1quina que utilizamos dentro dos nossos sistemas. Tem o direito de apresentar uma queixa \u00e0 Autoridade Holandesa de Prote\u00e7\u00e3o de Dados a qualquer momento se suspeitar que estamos a usar os seus dados pessoais de forma errada.<\/p><p style=\"font-size: 15px;\"><i>Direito de acesso<\/i><\/p><p style=\"font-size: 15px;\">Tem sempre o direito de visualizar os dados que processamos (ou processamos) e que se relacionam com a sua pessoa ou podem ser rastreados at\u00e9 si. Pode fazer um pedido nesse sentido \u00e0 nossa pessoa de contacto para quest\u00f5es de privacidade. Em seguida, receber\u00e1 uma resposta ao seu pedido no prazo de 30 dias. Se o seu pedido for concedido, enviaremos uma c\u00f3pia de todos os dados no endere\u00e7o de e-mail que nos \u00e9 conhecido com uma vis\u00e3o geral dos processadores que det\u00eam estes dados, indicando a categoria em que armazenamos estes dados.<\/p><p style=\"font-size: 15px;\"><i>Direito de Retifica\u00e7\u00e3o<\/i><\/p><p style=\"font-size: 15px;\">Tem sempre o direito de ter os dados que processamos (ou processamos) e que se relacionam com a sua pessoa ou que podem ser rastreados at\u00e9 si, ajustados. Pode fazer um pedido nesse sentido \u00e0 nossa pessoa de contacto para assuntos privados. Em seguida, receber\u00e1 uma resposta ao seu pedido no prazo de 30 dias. Se o seu pedido for concedido, enviaremos uma confirma\u00e7\u00e3o no endere\u00e7o de e-mail conhecido por n\u00f3s que os dados foram ajustados.<\/p><p style=\"font-size: 15px;\">Direito \u00e0 restri\u00e7\u00e3o do processamento<\/p><p style=\"font-size: 15px;\">Tem sempre o direito de limitar os dados que processamos (ou processamos) que se relacionam com a sua pessoa ou que podem ser rastreados at\u00e9 si. Pode fazer um pedido nesse sentido \u00e0 nossa pessoa de contacto para quest\u00f5es de privacidade. Em seguida, receber\u00e1 uma resposta ao seu pedido no prazo de 30 dias. Se o seu pedido for concedido, enviaremos uma confirma\u00e7\u00e3o no endere\u00e7o de e-mail conhecido por n\u00f3s que os dados deixar\u00e3o de ser processados at\u00e9 que levante a restri\u00e7\u00e3o.<\/p><p style=\"font-size: 15px;\"><i>Direito \u00e0 portabilidade<\/i><\/p><p style=\"font-size: 15px;\">Tem sempre o direito de ter os dados que processamos (ou processamos) e que se relacionam com a sua pessoa ou que podem ser rastreados at\u00e9 si, realizados por outra parte. Pode fazer um pedido nesse sentido \u00e0 nossa pessoa de contacto para assuntos privados. Em seguida, receber\u00e1 uma resposta ao seu pedido no prazo de 30 dias. Se o seu pedido for concedido, enviar-lhe-emos c\u00f3pias ou c\u00f3pias de todos os dados que temos processado ou tratado por outros processadores ou terceiros em nosso nome no endere\u00e7o de e-mail conhecido por n\u00f3s. Com toda a probabilidade, deixaremos de poder continuar o servi\u00e7o neste caso, uma vez que a liga\u00e7\u00e3o segura dos ficheiros de dados j\u00e1 n\u00e3o pode ser garantida.<\/p><p style=\"font-size: 15px;\"><i>Direito de oposi\u00e7\u00e3o e outros direitos<\/i><\/p><p style=\"font-size: 15px;\">Nesses casos, tem o direito de se opor ao tratamento dos seus dados pessoais por ou em nome da Ecosave. Se se opuser, cessaremos imediatamente o tratamento de dados enquanto aguardamos o tratamento da sua obje\u00e7\u00e3o. Se a sua obje\u00e7\u00e3o estiver bem fundamentada, disponibilizaremos c\u00f3pias e\/ou c\u00f3pias de dados que processamos (ou processamos) e, em seguida, cessaremos permanentemente o processamento. Tem tamb\u00e9m o direito de n\u00e3o ser sujeito a tomadas de decis\u00e3o ou perfis individuais automatizados. N\u00e3o tratamos os seus dados de forma a que este direito se aplique. Se voc\u00ea acredita que este \u00e9 o caso, por favor contacte a nossa pessoa de contato para quest\u00f5es de privacidade.<\/p><p style=\"font-size: 15px;\"><i>Cookies<\/i><\/p><p style=\"font-size: 15px;\">Cookies de terceiros<\/p><p style=\"font-size: 15px;\">No caso de solu\u00e7\u00f5es de software de terceiros utilizarem cookies, isso \u00e9 indicado nesta declara\u00e7\u00e3o de privacidade.<\/p><p style=\"font-size: 15px;\">Altera\u00e7\u00f5es \u00e0 Pol\u00edtica de Privacidade<\/p><p style=\"font-size: 15px;\">Reservamo-nos o direito de alterar a nossa pol\u00edtica de privacidade a qualquer momento. No entanto, nesta p\u00e1gina encontrar\u00e1 sempre a vers\u00e3o mais recente. Se a nova pol\u00edtica de privacidade afetar a forma como processamos os dados j\u00e1 recolhidos em rela\u00e7\u00e3o a si, iremos inform\u00e1-lo por e-mail.<\/p><p style=\"font-size: 15px;\"><span style=\"font-weight: bold;\"><i>Contacte-nos<\/i><\/span><\/p><p style=\"font-size: 15px;\">Hot\u00e9is em Ecosave<\/p><p style=\"font-size: 15px;\">Noorderbaan, 25 8256 PP 8256 PP Biddinghuizen A Holanda T (032) 133-2038 E info@ecosave.nl<\/p><p style=\"font-size: 15px;\">Contacte a pessoa para quest\u00f5es de privacidade<\/p><p style=\"font-size: 15px;\">Daniel Vandy<\/p>\t\t\t\t\t\t\t\t<\/div>\n\t\t\t\t<\/div>\n\t\t\t\t\t<\/div>\n\t\t<\/div>\n\t\t\t\t\t<\/div>\n\t\t<\/section>\n\t\t\t\t<\/div>\n\t\t","protected":false},"excerpt":{"rendered":"<p>Pol\u00edtica de Privacidade Ecosave https:\/\/ecosave.com\/ Sobre a nossa pol\u00edtica de privacidade A Ecosave preocupa-se profundamente com a sua privacidade. Por isso, s\u00f3 processamos os dados de que necessitamos (melhorar) os nossos servi\u00e7os e tratamos da informa\u00e7\u00e3o que recolhemos sobre si e sobre a sua utiliza\u00e7\u00e3o dos nossos servi\u00e7os com cuidado. Nunca disponibilizamos os seus dados [&hellip;]<\/p>\n","protected":false},"author":1,"featured_media":0,"parent":0,"menu_order":0,"comment_status":"closed","ping_status":"open","template":"","meta":{"_acf_changed":false,"site-sidebar-layout":"default","site-content-layout":"default","ast-site-content-layout":"default","site-content-style":"default","site-sidebar-style":"default","ast-global-header-display":"","ast-banner-title-visibility":"","ast-main-header-display":"","ast-hfb-above-header-display":"","ast-hfb-below-header-display":"","ast-hfb-mobile-header-display":"","site-post-title":"","ast-breadcrumbs-content":"","ast-featured-img":"","footer-sml-layout":"","ast-disable-related-posts":"","theme-transparent-header-meta":"default","adv-header-id-meta":"","stick-header-meta":"","header-above-stick-meta":"","header-main-stick-meta":"","header-below-stick-meta":"","astra-migrate-meta-layouts":"default","ast-page-background-enabled":"default","ast-page-background-meta":{"desktop":{"background-color":"","background-image":"","background-repeat":"repeat","background-position":"center center","background-size":"auto","background-attachment":"scroll","background-type":"","background-media":"","overlay-type":"","overlay-color":"","overlay-opacity":"","overlay-gradient":""},"tablet":{"background-color":"","background-image":"","background-repeat":"repeat","background-position":"center center","background-size":"auto","background-attachment":"scroll","background-type":"","background-media":"","overlay-type":"","overlay-color":"","overlay-opacity":"","overlay-gradient":""},"mobile":{"background-color":"","background-image":"","background-repeat":"repeat","background-position":"center center","background-size":"auto","background-attachment":"scroll","background-type":"","background-media":"","overlay-type":"","overlay-color":"","overlay-opacity":"","overlay-gradient":""}},"ast-content-background-meta":{"desktop":{"background-color":"var(--ast-global-color-5)","background-image":"","background-repeat":"repeat","background-position":"center center","background-size":"auto","background-attachment":"scroll","background-type":"","background-media":"","overlay-type":"","overlay-color":"","overlay-opacity":"","overlay-gradient":""},"tablet":{"background-color":"var(--ast-global-color-5)","background-image":"","background-repeat":"repeat","background-position":"center center","background-size":"auto","background-attachment":"scroll","background-type":"","background-media":"","overlay-type":"","overlay-color":"","overlay-opacity":"","overlay-gradient":""},"mobile":{"background-color":"var(--ast-global-color-5)","background-image":"","background-repeat":"repeat","background-position":"center center","background-size":"auto","background-attachment":"scroll","background-type":"","background-media":"","overlay-type":"","overlay-color":"","overlay-opacity":"","overlay-gradient":""}},"footnotes":""},"class_list":["post-23580","page","type-page","status-publish","hentry"],"acf":[],"_links":{"self":[{"href":"https:\/\/staging.ecosave.com\/pt-pt\/wp-json\/wp\/v2\/pages\/23580","targetHints":{"allow":["GET"]}}],"collection":[{"href":"https:\/\/staging.ecosave.com\/pt-pt\/wp-json\/wp\/v2\/pages"}],"about":[{"href":"https:\/\/staging.ecosave.com\/pt-pt\/wp-json\/wp\/v2\/types\/page"}],"author":[{"embeddable":true,"href":"https:\/\/staging.ecosave.com\/pt-pt\/wp-json\/wp\/v2\/users\/1"}],"replies":[{"embeddable":true,"href":"https:\/\/staging.ecosave.com\/pt-pt\/wp-json\/wp\/v2\/comments?post=23580"}],"version-history":[{"count":0,"href":"https:\/\/staging.ecosave.com\/pt-pt\/wp-json\/wp\/v2\/pages\/23580\/revisions"}],"wp:attachment":[{"href":"https:\/\/staging.ecosave.com\/pt-pt\/wp-json\/wp\/v2\/media?parent=23580"}],"curies":[{"name":"wp","href":"https:\/\/api.w.org\/{rel}","templated":true}]}}